{"id":123,"date":"2024-08-20T18:15:09","date_gmt":"2024-08-20T18:15:09","guid":{"rendered":"https:\/\/shouldwe.ca\/?page_id=123"},"modified":"2024-10-14T14:42:05","modified_gmt":"2024-10-14T14:42:05","slug":"unlock","status":"publish","type":"page","link":"https:\/\/shouldwe.ca\/fr\/unlock\/","title":{"rendered":"Trouver"},"content":{"rendered":"<div data-elementor-type=\"wp-page\" data-elementor-id=\"123\" class=\"elementor elementor-123\">\n\t\t\t\t<div class=\"elementor-element elementor-element-81333fe e-con-full e-flex e-con e-parent\" data-id=\"81333fe\" data-element_type=\"container\" data-e-type=\"container\">\n\t\t<div class=\"elementor-element elementor-element-a43a8f4 e-flex e-con-boxed e-con e-child\" data-id=\"a43a8f4\" data-element_type=\"container\" data-e-type=\"container\">\n\t\t\t\t\t<div class=\"e-con-inner\">\n\t\t<div class=\"elementor-element elementor-element-c23281c e-con-full e-flex e-con e-child\" data-id=\"c23281c\" data-element_type=\"container\" data-e-type=\"container\">\n\t\t\t\t<div class=\"elementor-element elementor-element-8a36abd elementor-widget elementor-widget-heading\" data-id=\"8a36abd\" data-element_type=\"widget\" data-e-type=\"widget\" data-widget_type=\"heading.default\">\n\t\t\t\t<div class=\"elementor-widget-container\">\n\t\t\t\t\t<h2 class=\"elementor-heading-title elementor-size-default\">Trouver<\/h2>\t\t\t\t<\/div>\n\t\t\t\t<\/div>\n\t\t\t\t<div class=\"elementor-element elementor-element-e9d0a34 elementor-widget-divider--view-line elementor-widget elementor-widget-divider\" data-id=\"e9d0a34\" data-element_type=\"widget\" data-e-type=\"widget\" data-widget_type=\"divider.default\">\n\t\t\t\t<div class=\"elementor-widget-container\">\n\t\t\t\t\t\t\t<div class=\"elementor-divider\">\n\t\t\t<span class=\"elementor-divider-separator\">\n\t\t\t\t\t\t<\/span>\n\t\t<\/div>\n\t\t\t\t\t\t<\/div>\n\t\t\t\t<\/div>\n\t\t\t\t<\/div>\n\t\t\t\t\t<\/div>\n\t\t\t\t<\/div>\n\t\t\t\t<\/div>\n\t\t<div class=\"elementor-element elementor-element-d898480 e-con-full e-flex e-con e-parent\" data-id=\"d898480\" data-element_type=\"container\" data-e-type=\"container\">\n\t\t<div class=\"elementor-element elementor-element-d82aae8 e-flex e-con-boxed e-con e-child\" data-id=\"d82aae8\" data-element_type=\"container\" data-e-type=\"container\">\n\t\t\t\t\t<div class=\"e-con-inner\">\n\t\t<div class=\"elementor-element elementor-element-f3409bd e-con-full e-flex e-con e-child\" data-id=\"f3409bd\" data-element_type=\"container\" data-e-type=\"container\">\n\t\t\t\t<div class=\"elementor-element elementor-element-e1f4aa3 elementor-widget elementor-widget-heading\" data-id=\"e1f4aa3\" data-element_type=\"widget\" data-e-type=\"widget\" data-widget_type=\"heading.default\">\n\t\t\t\t<div class=\"elementor-widget-container\">\n\t\t\t\t\t<h2 class=\"elementor-heading-title elementor-size-default\"> D\u00e9bloquer : Allumer l'\u00e9tincelle de l'innovation<\/h2>\t\t\t\t<\/div>\n\t\t\t\t<\/div>\n\t\t\t\t<div class=\"elementor-element elementor-element-5a75431 elementor-widget elementor-widget-text-editor\" data-id=\"5a75431\" data-element_type=\"widget\" data-e-type=\"widget\" data-widget_type=\"text-editor.default\">\n\t\t\t\t<div class=\"elementor-widget-container\">\n\t\t\t\t\t\t\t\t\t<p>Chez Devrait-On, l'innovation n'est pas un simple mot \u00e0 la mode, c'est le moteur d'une\ncroissance durable et d'un avantage concurrentiel. Nous reconnaissons que le voyage\nvers l'innovation commence par le d\u00e9blocage du potentiel. Notre phase de d\u00e9blocage\nest m\u00e9ticuleusement con\u00e7ue pour stimuler la cr\u00e9ativit\u00e9 et ouvrir de nouvelles voies pour\nla r\u00e9solution des probl\u00e8mes.<\/p>\t\t\t\t\t\t\t\t<\/div>\n\t\t\t\t<\/div>\n\t\t\t\t<div class=\"elementor-element elementor-element-4b73eed elementor-widget elementor-widget-text-editor\" data-id=\"4b73eed\" data-element_type=\"widget\" data-e-type=\"widget\" data-widget_type=\"text-editor.default\">\n\t\t\t\t<div class=\"elementor-widget-container\">\n\t\t\t\t\t\t\t\t\t<p class=\"translation-block\"><strong> Ateliers sur mesure : <\/strong>Nos ateliers sont con\u00e7us sur mesure pour r\u00e9pondre aux besoins et\naux d\u00e9fis sp\u00e9cifiques de votre \u00e9quipe. Nous utilisons un m\u00e9lange de facilitation experte,\nd'exercices collaboratifs et de discussions cibl\u00e9es pour impliquer pleinement votre\n\u00e9quipe.\nCes sessions sont con\u00e7ues non seulement pour inspirer des id\u00e9es, mais aussi pour\nfournir les outils n\u00e9cessaires \u00e0 votre \u00e9quipe pour penser diff\u00e9remment.\noutils n\u00e9cessaires pour que votre \u00e9quipe pense diff\u00e9remment aux d\u00e9fis et aux\nopportunit\u00e9s.\nd\u00e9fis et les opportunit\u00e9s.<\/p>\t\t\t\t\t\t\t\t<\/div>\n\t\t\t\t<\/div>\n\t\t\t\t<\/div>\n\t\t<div class=\"elementor-element elementor-element-286edab e-con-full e-flex e-con e-child\" data-id=\"286edab\" data-element_type=\"container\" data-e-type=\"container\">\n\t\t\t\t<div class=\"elementor-element elementor-element-c15f538 elementor-widget elementor-widget-image\" data-id=\"c15f538\" data-element_type=\"widget\" data-e-type=\"widget\" data-widget_type=\"image.default\">\n\t\t\t\t<div class=\"elementor-widget-container\">\n\t\t\t\t\t\t\t\t\t\t\t\t\t\t\t<img fetchpriority=\"high\" decoding=\"async\" width=\"2560\" height=\"1707\" src=\"https:\/\/shouldwe.ca\/wp-content\/uploads\/2024\/08\/Unlock-scaled.jpg\" class=\"attachment-full size-full wp-image-1258\" alt=\"\" srcset=\"https:\/\/shouldwe.ca\/wp-content\/uploads\/2024\/08\/Unlock-scaled.jpg 2560w, https:\/\/shouldwe.ca\/wp-content\/uploads\/2024\/08\/Unlock-300x200.jpg 300w, https:\/\/shouldwe.ca\/wp-content\/uploads\/2024\/08\/Unlock-1024x683.jpg 1024w, https:\/\/shouldwe.ca\/wp-content\/uploads\/2024\/08\/Unlock-768x512.jpg 768w, https:\/\/shouldwe.ca\/wp-content\/uploads\/2024\/08\/Unlock-1536x1024.jpg 1536w, https:\/\/shouldwe.ca\/wp-content\/uploads\/2024\/08\/Unlock-2048x1365.jpg 2048w\" sizes=\"(max-width: 2560px) 100vw, 2560px\" \/>\t\t\t\t\t\t\t\t\t\t\t\t\t\t\t<\/div>\n\t\t\t\t<\/div>\n\t\t\t\t<\/div>\n\t\t\t\t\t<\/div>\n\t\t\t\t<\/div>\n\t\t\t\t<\/div>\n\t\t<div class=\"elementor-element elementor-element-a920d24 e-con-full e-flex e-con e-parent\" data-id=\"a920d24\" data-element_type=\"container\" data-e-type=\"container\">\n\t\t<div class=\"elementor-element elementor-element-d3d5da5 e-flex e-con-boxed e-con e-child\" data-id=\"d3d5da5\" data-element_type=\"container\" data-e-type=\"container\">\n\t\t\t\t\t<div class=\"e-con-inner\">\n\t\t<div class=\"elementor-element elementor-element-9ddf15c e-con-full e-flex e-con e-child\" data-id=\"9ddf15c\" data-element_type=\"container\" data-e-type=\"container\">\n\t\t\t\t<div class=\"elementor-element elementor-element-b1bdc12 elementor-widget elementor-widget-text-editor\" data-id=\"b1bdc12\" data-element_type=\"widget\" data-e-type=\"widget\" data-widget_type=\"text-editor.default\">\n\t\t\t\t<div class=\"elementor-widget-container\">\n\t\t\t\t\t\t\t\t\t<p><strong>Ideation Sessions: <\/strong>\u00a0L'id\u00e9ation est au c\u0153ur de l'innovation. Nos s\u00e9ances d'id\u00e9ation\nsont structur\u00e9es de mani\u00e8re \u00e0 favoriser un environnement o\u00f9 aucune id\u00e9e n'est trop\naudacieuse et aucun concept trop tir\u00e9 par les cheveux. Nous guidons votre \u00e9quipe \u00e0\ntravers une s\u00e9rie d'activit\u00e9s de brainstorming qui encouragent la pens\u00e9e divergente,\nsuivie d'une pens\u00e9e convergente pour affiner et hi\u00e9rarchiser les id\u00e9es. Cette approche\npermet d'explorer un large \u00e9ventail d'id\u00e9es avant de se concentrer sur les solutions les\nplus viables.<\/p>\t\t\t\t\t\t\t\t<\/div>\n\t\t\t\t<\/div>\n\t\t\t\t<div class=\"elementor-element elementor-element-25ea07c elementor-widget elementor-widget-text-editor\" data-id=\"25ea07c\" data-element_type=\"widget\" data-e-type=\"widget\" data-widget_type=\"text-editor.default\">\n\t\t\t\t<div class=\"elementor-widget-container\">\n\t\t\t\t\t\t\t\t\t<p class=\"translation-block\"><strong>\u00c9limination des obstacles : <\/strong> Chaque organisation est confront\u00e9e \u00e0 des obstacles uniques\nqui peuvent \u00e9touffer l'innovation, qu'ils soient d'ordre culturel, proc\u00e9dural ou li\u00e9s aux\nressources. Notre phase de d\u00e9blocage comprend des strat\u00e9gies cibl\u00e9es pour identifier\net d\u00e9manteler ces barri\u00e8res, en veillant \u00e0 ce que votre chemin vers l'innovation soit clair.<\/p>\t\t\t\t\t\t\t\t<\/div>\n\t\t\t\t<\/div>\n\t\t\t\t<div class=\"elementor-element elementor-element-b477ea4 elementor-widget elementor-widget-text-editor\" data-id=\"b477ea4\" data-element_type=\"widget\" data-e-type=\"widget\" data-widget_type=\"text-editor.default\">\n\t\t\t\t<div class=\"elementor-widget-container\">\n\t\t\t\t\t\t\t\t\t<p class=\"translation-block\"><strong>D\u00e9couvrir de nouvelles possibilit\u00e9s : <\/strong>Lorsque nous faisons tomber les barri\u00e8res et\nremettons en question le statu quo, de nouvelles possibilit\u00e9s commencent \u00e0 \u00e9merger.\nNotre phase de d\u00e9blocage est con\u00e7ue pour ouvrir les yeux de votre \u00e9quipe sur des\nopportunit\u00e9s qu'elle n'avait pas envisag\u00e9es, en tirant parti du potentiel inexploit\u00e9 de\nvotre organisation.<\/p>\t\t\t\t\t\t\t\t<\/div>\n\t\t\t\t<\/div>\n\t\t\t\t<div class=\"elementor-element elementor-element-c5ed16a elementor-widget elementor-widget-text-editor\" data-id=\"c5ed16a\" data-element_type=\"widget\" data-e-type=\"widget\" data-widget_type=\"text-editor.default\">\n\t\t\t\t<div class=\"elementor-widget-container\">\n\t\t\t\t\t\t\t\t\t<p>Le r\u00e9sultat de la phase de d\u00e9blocage est une \u00e9quipe dot\u00e9e des connaissances et des\nm\u00e9thodologies n\u00e9cessaires pour continuer \u00e0 innover au-del\u00e0 de nos sessions. Que\nvous cherchiez \u00e0\nque vous cherchiez \u00e0 g\u00e9n\u00e9rer de nouvelles id\u00e9es ou \u00e0 affiner des concepts existants,\nnotre phase de d\u00e9blocage jette les bases d'une culture de l'am\u00e9lioration et de\nl'innovation continues<br \/>looking to generate fresh ideas or refine existing concepts, our Unlock phase sets the foundation for a culture of continuous improvement and innovation.<\/p>\t\t\t\t\t\t\t\t<\/div>\n\t\t\t\t<\/div>\n\t\t\t\t<div class=\"elementor-element elementor-element-2130f6a elementor-widget elementor-widget-text-editor\" data-id=\"2130f6a\" data-element_type=\"widget\" data-e-type=\"widget\" data-widget_type=\"text-editor.default\">\n\t\t\t\t<div class=\"elementor-widget-container\">\n\t\t\t\t\t\t\t\t\t<p><strong>Engagez-vous avec nous<\/strong> Pr\u00eat \u00e0 lib\u00e9rer le potentiel de votre \u00e9quipe et \u00e0 allumer l'\u00e9tincelle de l'innovation ? Contactez-nous d\u00e8s aujourd'hui pour d\u00e9couvrir comment notre phase de D\u00e9blocage peut transformer votre approche de la r\u00e9solution de probl\u00e8mes et ouvrir de nouvelles voies pour la croissance et l'innovation.<\/p>\t\t\t\t\t\t\t\t<\/div>\n\t\t\t\t<\/div>\n\t\t\t\t<\/div>\n\t\t\t\t\t<\/div>\n\t\t\t\t<\/div>\n\t\t\t\t<\/div>\n\t\t<div class=\"elementor-element elementor-element-741b611 hide_form e-flex e-con-boxed e-con e-parent\" data-id=\"741b611\" data-element_type=\"container\" data-e-type=\"container\">\n\t\t\t\t\t<div class=\"e-con-inner\">\n\t\t<div class=\"elementor-element elementor-element-60744ca e-con-full home_form e-flex e-con e-child\" data-id=\"60744ca\" data-element_type=\"container\" data-e-type=\"container\">\n\t\t\t\t<div class=\"elementor-element elementor-element-4ecc10b elementor-widget elementor-widget-heading\" data-id=\"4ecc10b\" data-element_type=\"widget\" data-e-type=\"widget\" data-widget_type=\"heading.default\">\n\t\t\t\t<div class=\"elementor-widget-container\">\n\t\t\t\t\t<h2 class=\"elementor-heading-title elementor-size-default\">Contactez-nous<\/h2>\t\t\t\t<\/div>\n\t\t\t\t<\/div>\n\t\t\t\t<div class=\"elementor-element elementor-element-6b5e928 elementor-widget__width-initial elementor-widget elementor-widget-shortcode\" data-id=\"6b5e928\" data-element_type=\"widget\" data-e-type=\"widget\" data-widget_type=\"shortcode.default\">\n\t\t\t\t<div class=\"elementor-widget-container\">\n\t\t\t\t\t\t\t<div class=\"elementor-shortcode\">\n<div class=\"wpcf7 no-js\" id=\"wpcf7-f609-o1\" lang=\"en-CA\" dir=\"ltr\" data-wpcf7-id=\"609\">\n<div class=\"screen-reader-response\"><p role=\"status\" aria-live=\"polite\" aria-atomic=\"true\"><\/p> <ul><\/ul><\/div>\n<form action=\"\/fr\/wp-json\/wp\/v2\/pages\/123#wpcf7-f609-o1\" method=\"post\" class=\"wpcf7-form init\" aria-label=\"Contact form\" novalidate=\"novalidate\" data-status=\"init\" data-trp-original-action=\"\/fr\/wp-json\/wp\/v2\/pages\/123#wpcf7-f609-o1\">\n<fieldset class=\"hidden-fields-container\"><input type=\"hidden\" name=\"_wpcf7\" value=\"609\" \/><input type=\"hidden\" name=\"_wpcf7_version\" value=\"6.1.5\" \/><input type=\"hidden\" name=\"_wpcf7_locale\" value=\"en_CA\" \/><input type=\"hidden\" name=\"_wpcf7_unit_tag\" value=\"wpcf7-f609-o1\" \/><input type=\"hidden\" name=\"_wpcf7_container_post\" value=\"0\" \/><input type=\"hidden\" name=\"_wpcf7_posted_data_hash\" value=\"\" \/>\n<\/fieldset>\n<p><span class=\"wpcf7-form-control-wrap\" data-name=\"your-name\"><input size=\"40\" maxlength=\"400\" class=\"wpcf7-form-control wpcf7-text wpcf7-validates-as-required\" autocomplete=\"name\" aria-required=\"true\" aria-invalid=\"false\" placeholder=\"Nom\" value=\"\" type=\"text\" name=\"your-name\" \/><\/span>\n<\/p>\n<p><span class=\"wpcf7-form-control-wrap\" data-name=\"your-email\"><input size=\"40\" maxlength=\"400\" class=\"wpcf7-form-control wpcf7-email wpcf7-validates-as-required wpcf7-text wpcf7-validates-as-email\" autocomplete=\"email\" aria-required=\"true\" aria-invalid=\"false\" placeholder=\"Courriel\" value=\"\" type=\"email\" name=\"your-email\" \/><\/span>\n<\/p>\n<p><span class=\"wpcf7-form-control-wrap\" data-name=\"text-396\"><input size=\"40\" maxlength=\"400\" class=\"wpcf7-form-control wpcf7-text\" autocomplete=\"subject\" aria-invalid=\"false\" placeholder=\"Sujet\" value=\"\" type=\"text\" name=\"text-396\" \/><\/span>\n<\/p>\n<p><span class=\"wpcf7-form-control-wrap\" data-name=\"your-message\"><textarea cols=\"40\" rows=\"10\" maxlength=\"2000\" class=\"wpcf7-form-control wpcf7-textarea\" aria-invalid=\"false\" placeholder=\"Votre message\" name=\"your-message\"><\/textarea><\/span>\n<\/p>\n<p><input class=\"wpcf7-form-control wpcf7-submit has-spinner\" type=\"submit\" value=\"Envoyer\" \/>\n<\/p><div class=\"wpcf7-response-output\" aria-hidden=\"true\"><\/div>\n<input type=\"hidden\" name=\"trp-form-language\" value=\"fr\"\/><\/form>\n<\/div>\n<\/div>\n\t\t\t\t\t\t<\/div>\n\t\t\t\t<\/div>\n\t\t\t\t<\/div>\n\t\t<div class=\"elementor-element elementor-element-a4e9570 e-con-full e-flex e-con e-child\" data-id=\"a4e9570\" data-element_type=\"container\" data-e-type=\"container\">\n\t\t\t\t<div class=\"elementor-element elementor-element-e00d485 elementor-widget elementor-widget-image\" data-id=\"e00d485\" data-element_type=\"widget\" data-e-type=\"widget\" data-widget_type=\"image.default\">\n\t\t\t\t<div class=\"elementor-widget-container\">\n\t\t\t\t\t\t\t\t\t\t\t\t\t\t\t<img decoding=\"async\" width=\"800\" height=\"800\" src=\"https:\/\/shouldwe.ca\/wp-content\/uploads\/2024\/09\/laptop-with-blank-white-screen-office-desk-1024x1024-1.jpg\" class=\"attachment-large size-large wp-image-2747\" alt=\"\" srcset=\"https:\/\/shouldwe.ca\/wp-content\/uploads\/2024\/09\/laptop-with-blank-white-screen-office-desk-1024x1024-1.jpg 1024w, https:\/\/shouldwe.ca\/wp-content\/uploads\/2024\/09\/laptop-with-blank-white-screen-office-desk-1024x1024-1-300x300.jpg 300w, https:\/\/shouldwe.ca\/wp-content\/uploads\/2024\/09\/laptop-with-blank-white-screen-office-desk-1024x1024-1-150x150.jpg 150w, https:\/\/shouldwe.ca\/wp-content\/uploads\/2024\/09\/laptop-with-blank-white-screen-office-desk-1024x1024-1-768x768.jpg 768w, https:\/\/shouldwe.ca\/wp-content\/uploads\/2024\/09\/laptop-with-blank-white-screen-office-desk-1024x1024-1-12x12.jpg 12w\" sizes=\"(max-width: 800px) 100vw, 800px\" \/>\t\t\t\t\t\t\t\t\t\t\t\t\t\t\t<\/div>\n\t\t\t\t<\/div>\n\t\t\t\t<\/div>\n\t\t\t\t\t<\/div>\n\t\t\t\t<\/div>\n\t\t\t\t<\/div>","protected":false},"excerpt":{"rendered":"<p>Unlock Unlock: Igniting the Spark of Innovation At *Should We*, innovation isn&#8217;t just a buzzword\u2014it&#8217;s the driving force behind sustainable growth and competitive advantage. We recognize that the journey to innovation begins with unlocking potential. Our Unlock phase is meticulously designed to stimulate creativity and open up new avenues for problem-solving. Tailored Workshops: Our workshops [&hellip;]<\/p>\n","protected":false},"author":1,"featured_media":0,"parent":0,"menu_order":0,"comment_status":"closed","ping_status":"closed","template":"","meta":{"om_disable_all_campaigns":false,"_monsterinsights_skip_tracking":false,"_monsterinsights_sitenote_active":false,"_monsterinsights_sitenote_note":"","_monsterinsights_sitenote_category":0,"footnotes":""},"class_list":["post-123","page","type-page","status-publish","hentry"],"aioseo_notices":[],"_links":{"self":[{"href":"https:\/\/shouldwe.ca\/fr\/wp-json\/wp\/v2\/pages\/123","targetHints":{"allow":["GET"]}}],"collection":[{"href":"https:\/\/shouldwe.ca\/fr\/wp-json\/wp\/v2\/pages"}],"about":[{"href":"https:\/\/shouldwe.ca\/fr\/wp-json\/wp\/v2\/types\/page"}],"author":[{"embeddable":true,"href":"https:\/\/shouldwe.ca\/fr\/wp-json\/wp\/v2\/users\/1"}],"replies":[{"embeddable":true,"href":"https:\/\/shouldwe.ca\/fr\/wp-json\/wp\/v2\/comments?post=123"}],"version-history":[{"count":69,"href":"https:\/\/shouldwe.ca\/fr\/wp-json\/wp\/v2\/pages\/123\/revisions"}],"predecessor-version":[{"id":3085,"href":"https:\/\/shouldwe.ca\/fr\/wp-json\/wp\/v2\/pages\/123\/revisions\/3085"}],"wp:attachment":[{"href":"https:\/\/shouldwe.ca\/fr\/wp-json\/wp\/v2\/media?parent=123"}],"curies":[{"name":"wp","href":"https:\/\/api.w.org\/{rel}","templated":true}]}}